{"id":21,"date":"2022-05-19T11:04:52","date_gmt":"2022-05-19T11:04:52","guid":{"rendered":"https:\/\/histoiresdault.fr\/?page_id=21"},"modified":"2026-01-12T11:52:04","modified_gmt":"2026-01-12T10:52:04","slug":"infos-reservation","status":"publish","type":"page","link":"https:\/\/histoiresdault.fr\/en\/infos-reservation\/","title":{"rendered":"On the practical side"},"content":{"rendered":"\t\t<div data-elementor-type=\"wp-page\" data-elementor-id=\"21\" class=\"elementor elementor-21\" data-elementor-post-type=\"page\">\n\t\t\t\t\t\t<section class=\"elementor-section elementor-top-section elementor-element elementor-element-72edbab elementor-section-boxed elementor-section-height-default elementor-section-height-default\" data-id=\"72edbab\" data-element_type=\"section\" data-e-type=\"section\">\n\t\t\t\t\t\t<div class=\"elementor-container elementor-column-gap-default\">\n\t\t\t\t\t<div class=\"elementor-column elementor-col-100 elementor-top-column elementor-element elementor-element-d43f08e\" data-id=\"d43f08e\" data-element_type=\"column\" data-e-type=\"column\">\n\t\t\t<div class=\"elementor-widget-wrap elementor-element-populated\">\n\t\t\t\t\t\t<div class=\"elementor-element elementor-element-458eabc elementor-widget elementor-widget-menu-anchor\" data-id=\"458eabc\" data-element_type=\"widget\" data-e-type=\"widget\" data-widget_type=\"menu-anchor.default\">\n\t\t\t\t<div class=\"elementor-widget-container\">\n\t\t\t\t\t\t\t<div class=\"elementor-menu-anchor\" id=\"top\"><\/div>\n\t\t\t\t\t\t<\/div>\n\t\t\t\t<\/div>\n\t\t\t\t\t<\/div>\n\t\t<\/div>\n\t\t\t\t\t<\/div>\n\t\t<\/section>\n\t\t\t\t<section class=\"elementor-section elementor-top-section elementor-element elementor-element-1f74196 elementor-section-boxed elementor-section-height-default elementor-section-height-default\" data-id=\"1f74196\" data-element_type=\"section\" data-e-type=\"section\">\n\t\t\t\t\t\t<div class=\"elementor-container elementor-column-gap-default\">\n\t\t\t\t\t<div class=\"elementor-column elementor-col-100 elementor-top-column elementor-element elementor-element-9a81ead\" data-id=\"9a81ead\" data-element_type=\"column\" data-e-type=\"column\">\n\t\t\t<div class=\"elementor-widget-wrap elementor-element-populated\">\n\t\t\t\t\t\t<div class=\"elementor-element elementor-element-b577a45 elementor-widget elementor-widget-text-editor\" data-id=\"b577a45\" data-element_type=\"widget\" data-e-type=\"widget\" data-widget_type=\"text-editor.default\">\n\t\t\t\t<div class=\"elementor-widget-container\">\n\t\t\t\t\t\t\t\t\t<p style=\"text-align: center;\"><em>C\u00f4t\u00e9 pratique<\/em><\/p>\t\t\t\t\t\t\t\t<\/div>\n\t\t\t\t<\/div>\n\t\t\t\t\t<\/div>\n\t\t<\/div>\n\t\t\t\t\t<\/div>\n\t\t<\/section>\n\t\t\t\t<section class=\"elementor-section elementor-top-section elementor-element elementor-element-b0f5feb elementor-section-full_width elementor-section-height-default elementor-section-height-default\" data-id=\"b0f5feb\" data-element_type=\"section\" data-e-type=\"section\" data-settings=\"{&quot;background_background&quot;:&quot;slideshow&quot;,&quot;background_slideshow_gallery&quot;:[{&quot;id&quot;:2066,&quot;url&quot;:&quot;https:\\\/\\\/histoiresdault.fr\\\/wp-content\\\/uploads\\\/2025\\\/01\\\/IMG_0134-scaled.jpeg&quot;}],&quot;background_slideshow_loop&quot;:&quot;yes&quot;,&quot;background_slideshow_slide_duration&quot;:5000,&quot;background_slideshow_slide_transition&quot;:&quot;fade&quot;,&quot;background_slideshow_transition_duration&quot;:500}\">\n\t\t\t\t\t\t<div class=\"elementor-container elementor-column-gap-wide\">\n\t\t\t\t\t<div class=\"elementor-column elementor-col-50 elementor-top-column elementor-element elementor-element-a1efd0f\" data-id=\"a1efd0f\" data-element_type=\"column\" data-e-type=\"column\" data-settings=\"{&quot;background_background&quot;:&quot;classic&quot;}\">\n\t\t\t<div class=\"elementor-widget-wrap elementor-element-populated\">\n\t\t\t\t\t\t<div class=\"elementor-element elementor-element-b9b9b12 elementor-widget elementor-widget-text-editor\" data-id=\"b9b9b12\" data-element_type=\"widget\" data-e-type=\"widget\" data-widget_type=\"text-editor.default\">\n\t\t\t\t<div class=\"elementor-widget-container\">\n\t\t\t\t\t\t\t\t\t<ul><li><em>S\u00e9jour de 2 nuits minimum, sauf juillet\/ao\u00fbt : par semaine<\/em><\/li><li><em>Arriv\u00e9e : \u00e0 partir de 16h<\/em><\/li><li><em>D\u00e9part : \u00e0 11h00 au plus tard<\/em><\/li><li><em>Nettoyage de sortie impos\u00e9 (nettoyage interm\u00e9diaire possible pour s\u00e9jour d\u00e9passant une semaine)<\/em><\/li><li><em>Maison non-fumeur &amp; animaux non-admis<\/em><\/li><li><em>Draps de lit &amp; taies, housses de couette et serviettes de toilette fournis<\/em><\/li><li><em>Par vos soins avant votre d\u00e9part : poubelles vid\u00e9es, vaisselle faite, lits d\u00e9faits (ne pas retirer les prot\u00e8ges matelas et prot\u00e8ge oreiller), mettre les serviettes de toilette sur le lit. Merci !<\/em><\/li><\/ul>\t\t\t\t\t\t\t\t<\/div>\n\t\t\t\t<\/div>\n\t\t\t\t\t<\/div>\n\t\t<\/div>\n\t\t\t\t<div class=\"elementor-column elementor-col-50 elementor-top-column elementor-element elementor-element-2d8a0e9\" data-id=\"2d8a0e9\" data-element_type=\"column\" data-e-type=\"column\" data-settings=\"{&quot;background_background&quot;:&quot;classic&quot;}\">\n\t\t\t<div class=\"elementor-widget-wrap elementor-element-populated\">\n\t\t\t\t\t\t<div class=\"elementor-element elementor-element-d93464e elementor-widget elementor-widget-text-editor\" data-id=\"d93464e\" data-element_type=\"widget\" data-e-type=\"widget\" data-widget_type=\"text-editor.default\">\n\t\t\t\t<div class=\"elementor-widget-container\">\n\t\t\t\t\t\t\t\t\t<p><em>Tarif des locations &amp; r\u00e9servations<\/em><\/p><ul><li><em>Tarif \u00e0 partir de \u20ac 80,00\/nuit<\/em><\/li><li><em>Juillet &amp; Ao\u00fbt : location de minimum 6 nuits<\/em><\/li><li><em>Taxe de s\u00e9jour incluse<\/em><\/li><li><em>Literie &amp; nettoyage de fin de s\u00e9jour en sus : \u20ac 110,00 HT<\/em><\/li><li><em>Disponibilit\u00e9s &amp; r\u00e9servations\u00a0 :<a href=\"https:\/\/histoiresdault.fr\/contact\/\" target=\"_blank\" rel=\"noopener\"> voir page contact<\/a><\/em><\/li><\/ul>\t\t\t\t\t\t\t\t<\/div>\n\t\t\t\t<\/div>\n\t\t\t\t\t<\/div>\n\t\t<\/div>\n\t\t\t\t\t<\/div>\n\t\t<\/section>\n\t\t\t\t<section class=\"elementor-section elementor-top-section elementor-element elementor-element-3b62bb2 elementor-section-boxed elementor-section-height-default elementor-section-height-default\" data-id=\"3b62bb2\" data-element_type=\"section\" data-e-type=\"section\">\n\t\t\t\t\t\t<div class=\"elementor-container elementor-column-gap-default\">\n\t\t\t\t\t<div class=\"elementor-column elementor-col-33 elementor-top-column elementor-element elementor-element-ae4aa29\" data-id=\"ae4aa29\" data-element_type=\"column\" data-e-type=\"column\">\n\t\t\t<div class=\"elementor-widget-wrap elementor-element-populated\">\n\t\t\t\t\t\t<div class=\"elementor-element elementor-element-512c958 elementor-widget-divider--view-line elementor-widget elementor-widget-divider\" data-id=\"512c958\" data-element_type=\"widget\" data-e-type=\"widget\" data-widget_type=\"divider.default\">\n\t\t\t\t<div class=\"elementor-widget-container\">\n\t\t\t\t\t\t\t<div class=\"elementor-divider\">\n\t\t\t<span class=\"elementor-divider-separator\">\n\t\t\t\t\t\t<\/span>\n\t\t<\/div>\n\t\t\t\t\t\t<\/div>\n\t\t\t\t<\/div>\n\t\t\t\t\t<\/div>\n\t\t<\/div>\n\t\t\t\t<div class=\"elementor-column elementor-col-33 elementor-top-column elementor-element elementor-element-d08f025\" data-id=\"d08f025\" data-element_type=\"column\" data-e-type=\"column\">\n\t\t\t<div class=\"elementor-widget-wrap elementor-element-populated\">\n\t\t\t\t\t\t<div class=\"elementor-element elementor-element-4b27f79 elementor-align-center elementor-widget elementor-widget-button\" data-id=\"4b27f79\" data-element_type=\"widget\" data-e-type=\"widget\" data-widget_type=\"button.default\">\n\t\t\t\t<div class=\"elementor-widget-container\">\n\t\t\t\t\t\t\t\t\t<div class=\"elementor-button-wrapper\">\n\t\t\t\t\t<a class=\"elementor-button elementor-button-link elementor-size-sm\" href=\"#top\">\n\t\t\t\t\t\t<span class=\"elementor-button-content-wrapper\">\n\t\t\t\t\t\t<span class=\"elementor-button-icon\">\n\t\t\t\t<i aria-hidden=\"true\" class=\"fas fa-arrow-circle-up\"><\/i>\t\t\t<\/span>\n\t\t\t\t\t\t\t\t<\/span>\n\t\t\t\t\t<\/a>\n\t\t\t\t<\/div>\n\t\t\t\t\t\t\t\t<\/div>\n\t\t\t\t<\/div>\n\t\t\t\t\t<\/div>\n\t\t<\/div>\n\t\t\t\t<div class=\"elementor-column elementor-col-33 elementor-top-column elementor-element elementor-element-4ffa6fa\" data-id=\"4ffa6fa\" data-element_type=\"column\" data-e-type=\"column\">\n\t\t\t<div class=\"elementor-widget-wrap elementor-element-populated\">\n\t\t\t\t\t\t<div class=\"elementor-element elementor-element-4c2ab09 elementor-widget-divider--view-line elementor-widget elementor-widget-divider\" data-id=\"4c2ab09\" data-element_type=\"widget\" data-e-type=\"widget\" data-widget_type=\"divider.default\">\n\t\t\t\t<div class=\"elementor-widget-container\">\n\t\t\t\t\t\t\t<div class=\"elementor-divider\">\n\t\t\t<span class=\"elementor-divider-separator\">\n\t\t\t\t\t\t<\/span>\n\t\t<\/div>\n\t\t\t\t\t\t<\/div>\n\t\t\t\t<\/div>\n\t\t\t\t\t<\/div>\n\t\t<\/div>\n\t\t\t\t\t<\/div>\n\t\t<\/section>\n\t\t\t\t<\/div>\n\t\t","protected":false},"excerpt":{"rendered":"<p>C\u00f4t\u00e9 pratique S\u00e9jour de 2 nuits minimum, sauf juillet\/ao\u00fbt : par semaine Arriv\u00e9e : \u00e0 partir de 16h D\u00e9part : \u00e0 11h00 au plus tard Nettoyage de sortie impos\u00e9 (nettoyage interm\u00e9diaire possible pour s\u00e9jour d\u00e9passant une semaine) Maison non-fumeur &amp; animaux non-admis Draps de lit &amp; taies, housses de couette et serviettes de toilette fournis [&hellip;]<\/p>\n","protected":false},"author":1,"featured_media":0,"parent":0,"menu_order":0,"comment_status":"closed","ping_status":"closed","template":"elementor_header_footer","meta":{"footnotes":""},"class_list":["post-21","page","type-page","status-publish","hentry"],"yoast_head":"<!-- This site is optimized with the Yoast SEO plugin v27.2 - https:\/\/yoast.com\/product\/yoast-seo-wordpress\/ -->\n<title>C\u00f4t\u00e9 pratique - Histoires d&#039;Ault-G\u00eete 4p-Vue mer-Parking et jardin priv\u00e9s<\/title>\n<meta name=\"description\" content=\"Galerie de photos prises lors de diff\u00e9rents s\u00e9jours \u00e0 Ault, falaises, mer, v\u00e9lo, paysages, excellents souvenirs d&#039;Histoires d&#039;Ault...\" \/>\n<meta name=\"robots\" content=\"index, follow, max-snippet:-1, max-image-preview:large, max-video-preview:-1\" \/>\n<link rel=\"canonical\" href=\"https:\/\/histoiresdault.fr\/en\/infos-reservation\/\" \/>\n<meta property=\"og:locale\" content=\"en_GB\" \/>\n<meta property=\"og:type\" content=\"article\" \/>\n<meta property=\"og:title\" content=\"C\u00f4t\u00e9 pratique - Histoires d&#039;Ault-G\u00eete 4p-Vue mer-Parking et jardin priv\u00e9s\" \/>\n<meta property=\"og:description\" content=\"Galerie de photos prises lors de diff\u00e9rents s\u00e9jours \u00e0 Ault, falaises, mer, v\u00e9lo, paysages, excellents souvenirs d&#039;Histoires d&#039;Ault...\" \/>\n<meta property=\"og:url\" content=\"https:\/\/histoiresdault.fr\/en\/infos-reservation\/\" \/>\n<meta property=\"og:site_name\" content=\"Histoires d&#039;Ault-G\u00eete 4p-Vue mer-Parking et jardin priv\u00e9s\" \/>\n<meta property=\"article:modified_time\" content=\"2026-01-12T10:52:04+00:00\" \/>\n<meta name=\"twitter:card\" content=\"summary_large_image\" \/>\n<meta name=\"twitter:label1\" content=\"Estimated reading time\" \/>\n\t<meta name=\"twitter:data1\" content=\"1 minute\" \/>\n<script type=\"application\/ld+json\" class=\"yoast-schema-graph\">{\"@context\":\"https:\/\/schema.org\",\"@graph\":[{\"@type\":\"WebPage\",\"@id\":\"https:\/\/histoiresdault.fr\/infos-reservation\/\",\"url\":\"https:\/\/histoiresdault.fr\/infos-reservation\/\",\"name\":\"C\u00f4t\u00e9 pratique - Histoires d&#039;Ault-G\u00eete 4p-Vue mer-Parking et jardin priv\u00e9s\",\"isPartOf\":{\"@id\":\"https:\/\/histoiresdault.fr\/#website\"},\"datePublished\":\"2022-05-19T11:04:52+00:00\",\"dateModified\":\"2026-01-12T10:52:04+00:00\",\"description\":\"Galerie de photos prises lors de diff\u00e9rents s\u00e9jours \u00e0 Ault, falaises, mer, v\u00e9lo, paysages, excellents souvenirs d'Histoires d'Ault...\",\"breadcrumb\":{\"@id\":\"https:\/\/histoiresdault.fr\/infos-reservation\/#breadcrumb\"},\"inLanguage\":\"en-GB\",\"potentialAction\":[{\"@type\":\"ReadAction\",\"target\":[\"https:\/\/histoiresdault.fr\/infos-reservation\/\"]}]},{\"@type\":\"BreadcrumbList\",\"@id\":\"https:\/\/histoiresdault.fr\/infos-reservation\/#breadcrumb\",\"itemListElement\":[{\"@type\":\"ListItem\",\"position\":1,\"name\":\"Accueil\",\"item\":\"https:\/\/histoiresdault.fr\/\"},{\"@type\":\"ListItem\",\"position\":2,\"name\":\"C\u00f4t\u00e9 pratique\"}]},{\"@type\":\"WebSite\",\"@id\":\"https:\/\/histoiresdault.fr\/#website\",\"url\":\"https:\/\/histoiresdault.fr\/\",\"name\":\"Histoires d&#039;Ault-G\u00eete 4p-Vue mer-Parking et jardin priv\u00e9s\",\"description\":\"Faites la Manche !\",\"publisher\":{\"@id\":\"https:\/\/histoiresdault.fr\/#organization\"},\"potentialAction\":[{\"@type\":\"SearchAction\",\"target\":{\"@type\":\"EntryPoint\",\"urlTemplate\":\"https:\/\/histoiresdault.fr\/?s={search_term_string}\"},\"query-input\":{\"@type\":\"PropertyValueSpecification\",\"valueRequired\":true,\"valueName\":\"search_term_string\"}}],\"inLanguage\":\"en-GB\"},{\"@type\":\"Organization\",\"@id\":\"https:\/\/histoiresdault.fr\/#organization\",\"name\":\"Onseretrouvallabrix\",\"url\":\"https:\/\/histoiresdault.fr\/\",\"logo\":{\"@type\":\"ImageObject\",\"inLanguage\":\"en-GB\",\"@id\":\"https:\/\/histoiresdault.fr\/#\/schema\/logo\/image\/\",\"url\":\"https:\/\/histoiresdault.fr\/wp-content\/uploads\/2022\/05\/IMG_3731-1-scaled.jpg\",\"contentUrl\":\"https:\/\/histoiresdault.fr\/wp-content\/uploads\/2022\/05\/IMG_3731-1-scaled.jpg\",\"width\":2560,\"height\":1286,\"caption\":\"Onseretrouvallabrix\"},\"image\":{\"@id\":\"https:\/\/histoiresdault.fr\/#\/schema\/logo\/image\/\"},\"sameAs\":[\"https:\/\/www.instagram.com\/onseretrouvallabrix\/\"]}]}<\/script>\n<!-- \/ Yoast SEO plugin. -->","yoast_head_json":{"title":"C\u00f4t\u00e9 pratique - Histoires d&#039;Ault-G\u00eete 4p-Vue mer-Parking et jardin priv\u00e9s","description":"Galerie de photos prises lors de diff\u00e9rents s\u00e9jours \u00e0 Ault, falaises, mer, v\u00e9lo, paysages, excellents souvenirs d'Histoires d'Ault...","robots":{"index":"index","follow":"follow","max-snippet":"max-snippet:-1","max-image-preview":"max-image-preview:large","max-video-preview":"max-video-preview:-1"},"canonical":"https:\/\/histoiresdault.fr\/en\/infos-reservation\/","og_locale":"en_GB","og_type":"article","og_title":"C\u00f4t\u00e9 pratique - Histoires d&#039;Ault-G\u00eete 4p-Vue mer-Parking et jardin priv\u00e9s","og_description":"Galerie de photos prises lors de diff\u00e9rents s\u00e9jours \u00e0 Ault, falaises, mer, v\u00e9lo, paysages, excellents souvenirs d'Histoires d'Ault...","og_url":"https:\/\/histoiresdault.fr\/en\/infos-reservation\/","og_site_name":"Histoires d&#039;Ault-G\u00eete 4p-Vue mer-Parking et jardin priv\u00e9s","article_modified_time":"2026-01-12T10:52:04+00:00","twitter_card":"summary_large_image","twitter_misc":{"Estimated reading time":"1 minute"},"schema":{"@context":"https:\/\/schema.org","@graph":[{"@type":"WebPage","@id":"https:\/\/histoiresdault.fr\/infos-reservation\/","url":"https:\/\/histoiresdault.fr\/infos-reservation\/","name":"C\u00f4t\u00e9 pratique - Histoires d&#039;Ault-G\u00eete 4p-Vue mer-Parking et jardin priv\u00e9s","isPartOf":{"@id":"https:\/\/histoiresdault.fr\/#website"},"datePublished":"2022-05-19T11:04:52+00:00","dateModified":"2026-01-12T10:52:04+00:00","description":"Galerie de photos prises lors de diff\u00e9rents s\u00e9jours \u00e0 Ault, falaises, mer, v\u00e9lo, paysages, excellents souvenirs d'Histoires d'Ault...","breadcrumb":{"@id":"https:\/\/histoiresdault.fr\/infos-reservation\/#breadcrumb"},"inLanguage":"en-GB","potentialAction":[{"@type":"ReadAction","target":["https:\/\/histoiresdault.fr\/infos-reservation\/"]}]},{"@type":"BreadcrumbList","@id":"https:\/\/histoiresdault.fr\/infos-reservation\/#breadcrumb","itemListElement":[{"@type":"ListItem","position":1,"name":"Accueil","item":"https:\/\/histoiresdault.fr\/"},{"@type":"ListItem","position":2,"name":"C\u00f4t\u00e9 pratique"}]},{"@type":"WebSite","@id":"https:\/\/histoiresdault.fr\/#website","url":"https:\/\/histoiresdault.fr\/","name":"Histoires d&#039;Ault-G\u00eete 4p-Vue mer-Parking et jardin priv\u00e9s","description":"Faites la Manche !","publisher":{"@id":"https:\/\/histoiresdault.fr\/#organization"},"potentialAction":[{"@type":"SearchAction","target":{"@type":"EntryPoint","urlTemplate":"https:\/\/histoiresdault.fr\/?s={search_term_string}"},"query-input":{"@type":"PropertyValueSpecification","valueRequired":true,"valueName":"search_term_string"}}],"inLanguage":"en-GB"},{"@type":"Organization","@id":"https:\/\/histoiresdault.fr\/#organization","name":"Onseretrouvallabrix","url":"https:\/\/histoiresdault.fr\/","logo":{"@type":"ImageObject","inLanguage":"en-GB","@id":"https:\/\/histoiresdault.fr\/#\/schema\/logo\/image\/","url":"https:\/\/histoiresdault.fr\/wp-content\/uploads\/2022\/05\/IMG_3731-1-scaled.jpg","contentUrl":"https:\/\/histoiresdault.fr\/wp-content\/uploads\/2022\/05\/IMG_3731-1-scaled.jpg","width":2560,"height":1286,"caption":"Onseretrouvallabrix"},"image":{"@id":"https:\/\/histoiresdault.fr\/#\/schema\/logo\/image\/"},"sameAs":["https:\/\/www.instagram.com\/onseretrouvallabrix\/"]}]}},"_links":{"self":[{"href":"https:\/\/histoiresdault.fr\/en\/wp-json\/wp\/v2\/pages\/21","targetHints":{"allow":["GET"]}}],"collection":[{"href":"https:\/\/histoiresdault.fr\/en\/wp-json\/wp\/v2\/pages"}],"about":[{"href":"https:\/\/histoiresdault.fr\/en\/wp-json\/wp\/v2\/types\/page"}],"author":[{"embeddable":true,"href":"https:\/\/histoiresdault.fr\/en\/wp-json\/wp\/v2\/users\/1"}],"replies":[{"embeddable":true,"href":"https:\/\/histoiresdault.fr\/en\/wp-json\/wp\/v2\/comments?post=21"}],"version-history":[{"count":327,"href":"https:\/\/histoiresdault.fr\/en\/wp-json\/wp\/v2\/pages\/21\/revisions"}],"predecessor-version":[{"id":4276,"href":"https:\/\/histoiresdault.fr\/en\/wp-json\/wp\/v2\/pages\/21\/revisions\/4276"}],"wp:attachment":[{"href":"https:\/\/histoiresdault.fr\/en\/wp-json\/wp\/v2\/media?parent=21"}],"curies":[{"name":"wp","href":"https:\/\/api.w.org\/{rel}","templated":true}]}}